{"id":5135,"date":"2022-08-26T14:14:18","date_gmt":"2022-08-26T14:14:18","guid":{"rendered":"https:\/\/prensip.gen.tr\/?page_id=5135"},"modified":"2022-11-16T08:17:33","modified_gmt":"2022-11-16T08:17:33","slug":"haberler","status":"publish","type":"page","link":"https:\/\/prensip.gen.tr\/en\/haberler\/","title":{"rendered":"News"},"content":{"rendered":"<p><div class=\"fusion-fullwidth fullwidth-box fusion-builder-row-1 fusion-flex-container has-pattern-background has-mask-background nonhundred-percent-fullwidth non-hundred-percent-height-scrolling\" style=\"--awb-border-radius-top-left:0px;--awb-border-radius-top-right:0px;--awb-border-radius-bottom-right:0px;--awb-border-radius-bottom-left:0px;--awb-flex-wrap:wrap;\" ><div class=\"fusion-builder-row fusion-row fusion-flex-align-items-flex-start fusion-flex-content-wrap\" style=\"max-width:1216.8px;margin-left: calc(-4% \/ 2 );margin-right: calc(-4% \/ 2 );\"><div class=\"fusion-layout-column fusion_builder_column fusion-builder-column-0 fusion_builder_column_1_1 1_1 fusion-flex-column\" style=\"--awb-bg-size:cover;--awb-width-large:100%;--awb-margin-top-large:0px;--awb-spacing-right-large:1.92%;--awb-margin-bottom-large:20px;--awb-spacing-left-large:1.92%;--awb-width-medium:100%;--awb-order-medium:0;--awb-spacing-right-medium:1.92%;--awb-spacing-left-medium:1.92%;--awb-width-small:100%;--awb-order-small:0;--awb-spacing-right-small:1.92%;--awb-spacing-left-small:1.92%;\"><div class=\"fusion-column-wrapper fusion-column-has-shadow fusion-flex-justify-content-flex-start fusion-content-layout-column\"><div class=\"fusion-title title fusion-title-1 fusion-title-text fusion-title-size-one\" style=\"--awb-font-size:40px;\"><div class=\"title-sep-container title-sep-container-left fusion-no-large-visibility fusion-no-medium-visibility fusion-no-small-visibility\"><div class=\"title-sep sep- sep-solid\" style=\"border-color:var(--awb-color3);\"><\/div><\/div><span class=\"awb-title-spacer fusion-no-large-visibility fusion-no-medium-visibility fusion-no-small-visibility\"><\/span><h1 class=\"fusion-title-heading title-heading-left fusion-responsive-typography-calculated\" style=\"margin:0;text-transform:capitalize;font-size:1em;--fontSize:40;line-height:var(--awb-typography1-line-height);\"><u>HABERLER<\/u><\/h1><span class=\"awb-title-spacer\"><\/span><div class=\"title-sep-container title-sep-container-right\"><div class=\"title-sep sep- sep-solid\" style=\"border-color:var(--awb-color3);\"><\/div><\/div><\/div><\/div><\/div><\/div><\/div><div class=\"fusion-fullwidth fullwidth-box fusion-builder-row-2 fusion-flex-container has-pattern-background has-mask-background nonhundred-percent-fullwidth non-hundred-percent-height-scrolling\" style=\"--awb-border-radius-top-left:0px;--awb-border-radius-top-right:0px;--awb-border-radius-bottom-right:0px;--awb-border-radius-bottom-left:0px;--awb-flex-wrap:wrap;\" ><div class=\"fusion-builder-row fusion-row fusion-flex-align-items-flex-start fusion-flex-content-wrap\" style=\"max-width:1216.8px;margin-left: calc(-4% \/ 2 );margin-right: calc(-4% \/ 2 );\"><div class=\"fusion-layout-column fusion_builder_column fusion-builder-column-1 fusion_builder_column_1_1 1_1 fusion-flex-column\" style=\"--awb-bg-size:cover;--awb-width-large:100%;--awb-margin-top-large:0px;--awb-spacing-right-large:1.92%;--awb-margin-bottom-large:20px;--awb-spacing-left-large:1.92%;--awb-width-medium:100%;--awb-order-medium:0;--awb-spacing-right-medium:1.92%;--awb-spacing-left-medium:1.92%;--awb-width-small:100%;--awb-order-small:0;--awb-spacing-right-small:1.92%;--awb-spacing-left-small:1.92%;\"><div class=\"fusion-column-wrapper fusion-column-has-shadow fusion-flex-justify-content-flex-start fusion-content-layout-column\"><div class=\"fusion-blog-shortcode fusion-blog-shortcode-1 fusion-blog-archive fusion-blog-layout-medium fusion-blog-pagination\"><div class=\"fusion-posts-container fusion-posts-container-pagination fusion-no-meta-info fusion-blog-rollover\" data-pages=\"1\"><article id=\"blog-1-post-5605\" class=\"fusion-post-medium post-5605 post type-post status-publish format-standard has-post-thumbnail hentry category-haberler\">\n\t<style type=\"text\/css\">\n\t\t\n\t\t\n\t\t\n\t\t\n\t\t\t<\/style>\n\n\n\t\t\t<div class=\"fusion-flexslider flexslider fusion-flexslider-loading fusion-post-slideshow\" style=\"\">\n\t\t<ul class=\"slides\">\n\t\t\t\n\t\t\t\t\t\t\t\t\t\t\t\t\t\t<li><div  class=\"fusion-image-wrapper fusion-image-size-fixed\" aria-haspopup=\"true\">\n\t\t\t\t<img decoding=\"async\" width=\"320\" height=\"202\" src=\"https:\/\/prensip.gen.tr\/wp-content\/uploads\/2022\/11\/illegalfishing-320x202.jpeg\" class=\"attachment-blog-medium size-blog-medium lazyload wp-post-image\" alt=\"\" srcset=\"data:image\/svg+xml,%3Csvg%20xmlns%3D%27http%3A%2F%2Fwww.w3.org%2F2000%2Fsvg%27%20width%3D%272560%27%20height%3D%271319%27%20viewBox%3D%270%200%202560%201319%27%3E%3Crect%20width%3D%272560%27%20height%3D%271319%27%20fill-opacity%3D%220%22%2F%3E%3C%2Fsvg%3E\" data-orig-src=\"https:\/\/prensip.gen.tr\/wp-content\/uploads\/2022\/11\/illegalfishing-320x202.jpeg\" data-srcset=\"https:\/\/prensip.gen.tr\/wp-content\/uploads\/2022\/11\/illegalfishing-320x202.jpeg 320w, https:\/\/prensip.gen.tr\/wp-content\/uploads\/2022\/11\/illegalfishing-700x441.jpeg 700w\" data-sizes=\"auto\" \/><div class=\"fusion-rollover\">\n\t<div class=\"fusion-rollover-content\">\n\n\t\t\t\t\t\t\t\t\t\t\t\t\t\t<a class=\"fusion-rollover-link\" href=\"https:\/\/prensip.gen.tr\/en\/kacak-balikcilikla-mucadelede-yeni-bir-donum-noktasi\/\">Ka\u00e7ak Bal\u0131k\u00e7\u0131l\u0131kla M\u00fccadelede Yeni Bir D\u00f6n\u00fcm Noktas\u0131<\/a>\n\t\t\t\n\t\t\t\t\t\t\t\t\t\t\t\t\t\t\n\t\t\t\t\t\t\t\t\n\t\t\t\t\t\t\t\t\t\t\t\t\t<div class=\"fusion-rollover-sep\"><\/div>\n\t\t\t\t\n\t\t\t\t\t\t\t\t\t\t\t\t\t\t\t\t\t\t<a class=\"fusion-rollover-gallery\" href=\"https:\/\/prensip.gen.tr\/wp-content\/uploads\/2022\/11\/illegalfishing-scaled.jpeg\" data-options=\"\" data-id=\"5605\" data-rel=\"iLightbox[gallery]\" data-title=\"illegalfishing\" data-caption=\"\">\n\t\t\t\t\t\tGallery\t\t\t\t\t<\/a>\n\t\t\t\t\t\t\t\t\t\t\t\t\t\t\n\t\t\n\t\t\t\t\t\t\t\t\t\t\t\t<h4 class=\"fusion-rollover-title\">\n\t\t\t\t\t<a class=\"fusion-rollover-title-link\" href=\"https:\/\/prensip.gen.tr\/en\/kacak-balikcilikla-mucadelede-yeni-bir-donum-noktasi\/\">\n\t\t\t\t\t\tKa\u00e7ak Bal\u0131k\u00e7\u0131l\u0131kla M\u00fccadelede Yeni Bir D\u00f6n\u00fcm Noktas\u0131\t\t\t\t\t<\/a>\n\t\t\t\t<\/h4>\n\t\t\t\n\t\t\t\t\t\t\t\t\t\t<div class=\"fusion-rollover-categories\"><a href=\"https:\/\/prensip.gen.tr\/en\/category\/haberler\/\" rel=\"tag\">Haberler<\/a><\/div>\t\t\t\t\t\n\t\t\n\t\t\t\t\t\t<a class=\"fusion-link-wrapper\" href=\"https:\/\/prensip.gen.tr\/en\/kacak-balikcilikla-mucadelede-yeni-bir-donum-noktasi\/\" aria-label=\"Ka\u00e7ak Bal\u0131k\u00e7\u0131l\u0131kla M\u00fccadelede Yeni Bir D\u00f6n\u00fcm Noktas\u0131\"><\/a>\n\t<\/div>\n<\/div>\n<\/div>\n<\/li>\n\t\t\t\n\t\t\t\n\t\t\t\t\t\t\t\t\t\t\t\t\t\t\t\t\t\t\t\t\t\t\t\t\t\t\t\t\t\t\t\t\t\t\t\t\t\t\t\t\t\t\t\t\t\t\t\t\t\t\t\t\t\t\t\t\t\t\t\t\t\t\t\t\t\t\t\t<\/ul>\n\t<\/div>\n\t<div class=\"fusion-post-content post-content\"><h2 class=\"blog-shortcode-post-title entry-title\"><a href=\"https:\/\/prensip.gen.tr\/en\/kacak-balikcilikla-mucadelede-yeni-bir-donum-noktasi\/\">Ka\u00e7ak Bal\u0131k\u00e7\u0131l\u0131kla M\u00fccadelede Yeni Bir D\u00f6n\u00fcm Noktas\u0131<\/a><\/h2><div class=\"fusion-post-content-container\"><p>Ka\u00e7ak Bal\u0131k\u00e7\u0131l\u0131kla M\u00fccadelede Yeni Bir D\u00f6n\u00fcm Noktas\u0131 \u0130llegal, bildirilmeyen ve kontrol edilmeyen bal\u0131k\u00e7\u0131l\u0131kla m\u00fccadele, 100 \u00fclkenin Birle\u015fmi\u015f Milletler G\u0131da ve Tar\u0131m \u00d6rg\u00fct\u00fc (FAO)\u2019n\u00fcn Liman Devleti \u00d6nlemleri Anla\u015fmas\u0131 (LD\u00d6A)\u2019na kat\u0131lmas\u0131yla yo\u011funla\u015ft\u0131. LD\u00d6A, bu t\u00fcr bal\u0131k\u00e7\u0131l\u0131\u011fa kat\u0131lan veya bu t\u00fcr bal\u0131k\u00e7\u0131l\u0131\u011fa yard\u0131mc\u0131<\/p><\/div><\/div><div class=\"fusion-clearfix\"><\/div><\/article>\n<article id=\"blog-1-post-5592\" class=\"fusion-post-medium post-5592 post type-post status-publish format-standard has-post-thumbnail hentry category-haberler\">\n\t<style type=\"text\/css\">\n\t\t\n\t\t\n\t\t\n\t\t\n\t\t\t<\/style>\n\n\n\t\t\t<div class=\"fusion-flexslider flexslider fusion-flexslider-loading fusion-post-slideshow\" style=\"\">\n\t\t<ul class=\"slides\">\n\t\t\t\n\t\t\t\t\t\t\t\t\t\t\t\t\t\t<li><div  class=\"fusion-image-wrapper fusion-image-size-fixed\" aria-haspopup=\"true\">\n\t\t\t\t<img decoding=\"async\" width=\"320\" height=\"202\" src=\"https:\/\/prensip.gen.tr\/wp-content\/uploads\/2022\/11\/review-320x202.jpg\" class=\"attachment-blog-medium size-blog-medium lazyload wp-post-image\" alt=\"\" srcset=\"data:image\/svg+xml,%3Csvg%20xmlns%3D%27http%3A%2F%2Fwww.w3.org%2F2000%2Fsvg%27%20width%3D%272560%27%20height%3D%271707%27%20viewBox%3D%270%200%202560%201707%27%3E%3Crect%20width%3D%272560%27%20height%3D%271707%27%20fill-opacity%3D%220%22%2F%3E%3C%2Fsvg%3E\" data-orig-src=\"https:\/\/prensip.gen.tr\/wp-content\/uploads\/2022\/11\/review-320x202.jpg\" data-srcset=\"https:\/\/prensip.gen.tr\/wp-content\/uploads\/2022\/11\/review-18x12.jpg 18w, https:\/\/prensip.gen.tr\/wp-content\/uploads\/2022\/11\/review-320x202.jpg 320w, https:\/\/prensip.gen.tr\/wp-content\/uploads\/2022\/11\/review-700x441.jpg 700w\" data-sizes=\"auto\" \/><div class=\"fusion-rollover\">\n\t<div class=\"fusion-rollover-content\">\n\n\t\t\t\t\t\t\t\t\t\t\t\t\t\t<a class=\"fusion-rollover-link\" href=\"https:\/\/prensip.gen.tr\/en\/olumsuz-geri-bildirim-hem-akademinin-hem-de-hayatin-bir-parcasi-basa-cikmaniza-yardimci-olacak-6-strateji\/\">Olumsuz Geri Bildirim Hem Akademinin Hem De Hayat\u0131n Bir Par\u00e7as\u0131 \u2013 Ba\u015fa \u00c7\u0131kman\u0131za Yard\u0131mc\u0131 Olacak 6 Strateji<\/a>\n\t\t\t\n\t\t\t\t\t\t\t\t\t\t\t\t\t\t\n\t\t\t\t\t\t\t\t\n\t\t\t\t\t\t\t\t\t\t\t\t\t<div class=\"fusion-rollover-sep\"><\/div>\n\t\t\t\t\n\t\t\t\t\t\t\t\t\t\t\t\t\t\t\t\t\t\t<a class=\"fusion-rollover-gallery\" href=\"https:\/\/prensip.gen.tr\/wp-content\/uploads\/2022\/11\/review-scaled.jpg\" data-options=\"\" data-id=\"5592\" data-rel=\"iLightbox[gallery]\" data-title=\"review\" data-caption=\"\">\n\t\t\t\t\t\tGallery\t\t\t\t\t<\/a>\n\t\t\t\t\t\t\t\t\t\t\t\t\t\t\n\t\t\n\t\t\t\t\t\t\t\t\t\t\t\t<h4 class=\"fusion-rollover-title\">\n\t\t\t\t\t<a class=\"fusion-rollover-title-link\" href=\"https:\/\/prensip.gen.tr\/en\/olumsuz-geri-bildirim-hem-akademinin-hem-de-hayatin-bir-parcasi-basa-cikmaniza-yardimci-olacak-6-strateji\/\">\n\t\t\t\t\t\tOlumsuz Geri Bildirim Hem Akademinin Hem De Hayat\u0131n Bir Par\u00e7as\u0131 \u2013 Ba\u015fa \u00c7\u0131kman\u0131za Yard\u0131mc\u0131 Olacak 6 Strateji\t\t\t\t\t<\/a>\n\t\t\t\t<\/h4>\n\t\t\t\n\t\t\t\t\t\t\t\t\t\t<div class=\"fusion-rollover-categories\"><a href=\"https:\/\/prensip.gen.tr\/en\/category\/haberler\/\" rel=\"tag\">Haberler<\/a><\/div>\t\t\t\t\t\n\t\t\n\t\t\t\t\t\t<a class=\"fusion-link-wrapper\" href=\"https:\/\/prensip.gen.tr\/en\/olumsuz-geri-bildirim-hem-akademinin-hem-de-hayatin-bir-parcasi-basa-cikmaniza-yardimci-olacak-6-strateji\/\" aria-label=\"Olumsuz Geri Bildirim Hem Akademinin Hem De Hayat\u0131n Bir Par\u00e7as\u0131 \u2013 Ba\u015fa \u00c7\u0131kman\u0131za Yard\u0131mc\u0131 Olacak 6 Strateji\"><\/a>\n\t<\/div>\n<\/div>\n<\/div>\n<\/li>\n\t\t\t\n\t\t\t\n\t\t\t\t\t\t\t\t\t\t\t\t\t\t\t\t\t\t\t\t\t\t\t\t\t\t\t\t\t\t\t\t\t\t\t\t\t\t\t\t\t\t\t\t\t\t\t\t\t\t\t\t\t\t\t\t\t\t\t\t\t\t\t\t\t\t\t\t<\/ul>\n\t<\/div>\n\t<div class=\"fusion-post-content post-content\"><h2 class=\"blog-shortcode-post-title entry-title\"><a href=\"https:\/\/prensip.gen.tr\/en\/olumsuz-geri-bildirim-hem-akademinin-hem-de-hayatin-bir-parcasi-basa-cikmaniza-yardimci-olacak-6-strateji\/\">Olumsuz Geri Bildirim Hem Akademinin Hem De Hayat\u0131n Bir Par\u00e7as\u0131 \u2013 Ba\u015fa \u00c7\u0131kman\u0131za Yard\u0131mc\u0131 Olacak 6 Strateji<\/a><\/h2><div class=\"fusion-post-content-container\"><p>Olumsuz Geri Bildirim Hem Akademinin Hem De Hayat\u0131n Bir Par\u00e7as\u0131 \u2013 Ba\u015fa \u00c7\u0131kman\u0131za Yard\u0131mc\u0131 Olacak 6 Strateji Y\u0131llard\u0131r u\u011fra\u015ft\u0131\u011f\u0131n\u0131z bir ara\u015ft\u0131rman\u0131z oldu\u011funu ve bunun bir dergi edit\u00f6r\u00fcnden 15 kelimelik bir ret mektubu ile reddedildi\u011fini hayal edin. Bu hepimizin ba\u015f\u0131na geldi.<\/p><\/div><\/div><div class=\"fusion-clearfix\"><\/div><\/article>\n<article id=\"blog-1-post-5518\" class=\"fusion-post-medium post-5518 post type-post status-publish format-standard has-post-thumbnail hentry category-haberler\">\n\t<style type=\"text\/css\">\n\t\t\n\t\t\n\t\t\n\t\t\n\t\t\t<\/style>\n\n\n\t\t\t<div class=\"fusion-flexslider flexslider fusion-flexslider-loading fusion-post-slideshow\" style=\"\">\n\t\t<ul class=\"slides\">\n\t\t\t\n\t\t\t\t\t\t\t\t\t\t\t\t\t\t<li><div  class=\"fusion-image-wrapper fusion-image-size-fixed\" aria-haspopup=\"true\">\n\t\t\t\t<img decoding=\"async\" width=\"320\" height=\"202\" src=\"https:\/\/prensip.gen.tr\/wp-content\/uploads\/2022\/10\/Resim2-320x202.jpg\" class=\"attachment-blog-medium size-blog-medium lazyload wp-post-image\" alt=\"\" srcset=\"data:image\/svg+xml,%3Csvg%20xmlns%3D%27http%3A%2F%2Fwww.w3.org%2F2000%2Fsvg%27%20width%3D%271386%27%20height%3D%27628%27%20viewBox%3D%270%200%201386%20628%27%3E%3Crect%20width%3D%271386%27%20height%3D%27628%27%20fill-opacity%3D%220%22%2F%3E%3C%2Fsvg%3E\" data-orig-src=\"https:\/\/prensip.gen.tr\/wp-content\/uploads\/2022\/10\/Resim2-320x202.jpg\" data-srcset=\"https:\/\/prensip.gen.tr\/wp-content\/uploads\/2022\/10\/Resim2-320x202.jpg 320w, https:\/\/prensip.gen.tr\/wp-content\/uploads\/2022\/10\/Resim2-700x441.jpg 700w\" data-sizes=\"auto\" \/><div class=\"fusion-rollover\">\n\t<div class=\"fusion-rollover-content\">\n\n\t\t\t\t\t\t\t\t\t\t\t\t\t\t<a class=\"fusion-rollover-link\" href=\"https:\/\/prensip.gen.tr\/en\/tarimda-dijitallesme-fao-dunya-gida-forumu\/\">Tar\u0131mda Dijitalle\u015fme: FAO D\u00fcnya G\u0131da Forumu<\/a>\n\t\t\t\n\t\t\t\t\t\t\t\t\t\t\t\t\t\t\n\t\t\t\t\t\t\t\t\n\t\t\t\t\t\t\t\t\t\t\t\t\t<div class=\"fusion-rollover-sep\"><\/div>\n\t\t\t\t\n\t\t\t\t\t\t\t\t\t\t\t\t\t\t\t\t\t\t<a class=\"fusion-rollover-gallery\" href=\"https:\/\/prensip.gen.tr\/wp-content\/uploads\/2022\/10\/Resim2.jpg\" data-options=\"\" data-id=\"5518\" data-rel=\"iLightbox[gallery]\" data-title=\"Resim2\" data-caption=\"\">\n\t\t\t\t\t\tGallery\t\t\t\t\t<\/a>\n\t\t\t\t\t\t\t\t\t\t\t\t\t\t\n\t\t\n\t\t\t\t\t\t\t\t\t\t\t\t<h4 class=\"fusion-rollover-title\">\n\t\t\t\t\t<a class=\"fusion-rollover-title-link\" href=\"https:\/\/prensip.gen.tr\/en\/tarimda-dijitallesme-fao-dunya-gida-forumu\/\">\n\t\t\t\t\t\tTar\u0131mda Dijitalle\u015fme: FAO D\u00fcnya G\u0131da Forumu\t\t\t\t\t<\/a>\n\t\t\t\t<\/h4>\n\t\t\t\n\t\t\t\t\t\t\t\t\t\t<div class=\"fusion-rollover-categories\"><a href=\"https:\/\/prensip.gen.tr\/en\/category\/haberler\/\" rel=\"tag\">Haberler<\/a><\/div>\t\t\t\t\t\n\t\t\n\t\t\t\t\t\t<a class=\"fusion-link-wrapper\" href=\"https:\/\/prensip.gen.tr\/en\/tarimda-dijitallesme-fao-dunya-gida-forumu\/\" aria-label=\"Tar\u0131mda Dijitalle\u015fme: FAO D\u00fcnya G\u0131da Forumu\"><\/a>\n\t<\/div>\n<\/div>\n<\/div>\n<\/li>\n\t\t\t\n\t\t\t\n\t\t\t\t\t\t\t\t\t\t\t\t\t\t\t\t\t\t\t\t\t\t\t\t\t\t\t\t\t\t\t\t\t\t\t\t\t\t\t\t\t\t\t\t\t\t\t\t\t\t\t\t\t\t\t\t\t\t\t\t\t\t\t\t\t\t\t\t<\/ul>\n\t<\/div>\n\t<div class=\"fusion-post-content post-content\"><h2 class=\"blog-shortcode-post-title entry-title\"><a href=\"https:\/\/prensip.gen.tr\/en\/tarimda-dijitallesme-fao-dunya-gida-forumu\/\">Tar\u0131mda Dijitalle\u015fme: FAO D\u00fcnya G\u0131da Forumu<\/a><\/h2><div class=\"fusion-post-content-container\"><p>Tar\u0131mda Dijitalle\u015fme: FAO D\u00fcnya G\u0131da Forumu Tar\u0131msal g\u0131da sistemlerimizdeki bir\u00e7ok karma\u015f\u0131k sorunun \u00e7\u00f6z\u00fclmesine yard\u0131mc\u0131 olacak dijital teknolojilerin kapasitesi ve potansiyeli, D\u00fcnya G\u0131da Forumu\u2019nun Bilim ve Yenilik Forumu'nda \u00f6zel bir etkinlikle mercek alt\u0131na al\u0131nd\u0131. Birle\u015fmi\u015f Milletler G\u0131da ve Tar\u0131m \u00d6rg\u00fct\u00fc (FAO)<\/p><\/div><\/div><div class=\"fusion-clearfix\"><\/div><\/article>\n<article id=\"blog-1-post-5505\" class=\"fusion-post-medium post-5505 post type-post status-publish format-standard has-post-thumbnail hentry category-haberler\">\n\t<style type=\"text\/css\">\n\t\t\n\t\t\n\t\t\n\t\t\n\t\t\t<\/style>\n\n\n\t\t\t<div class=\"fusion-flexslider flexslider fusion-flexslider-loading fusion-post-slideshow\" style=\"\">\n\t\t<ul class=\"slides\">\n\t\t\t\n\t\t\t\t\t\t\t\t\t\t\t\t\t\t<li><div  class=\"fusion-image-wrapper fusion-image-size-fixed\" aria-haspopup=\"true\">\n\t\t\t\t<img decoding=\"async\" width=\"320\" height=\"202\" src=\"data:image\/svg+xml,%3Csvg%20xmlns%3D%27http%3A%2F%2Fwww.w3.org%2F2000%2Fsvg%27%20width%3D%27437%27%20height%3D%27492%27%20viewBox%3D%270%200%20437%20492%27%3E%3Crect%20width%3D%27437%27%20height%3D%27492%27%20fill-opacity%3D%220%22%2F%3E%3C%2Fsvg%3E\" class=\"attachment-blog-medium size-blog-medium lazyload wp-post-image\" alt=\"\" data-orig-src=\"https:\/\/prensip.gen.tr\/wp-content\/uploads\/2022\/10\/Resim1-320x202.png\" \/><div class=\"fusion-rollover\">\n\t<div class=\"fusion-rollover-content\">\n\n\t\t\t\t\t\t\t\t\t\t\t\t\t\t<a class=\"fusion-rollover-link\" href=\"https:\/\/prensip.gen.tr\/en\/elsevier-50ye-yakin-makaleyi-yasal-olmayan-olumlu-hakem-raporu-gerekcesiyle-geri-cekti\/\">Elsevier 50\u2019ye Yak\u0131n Makaleyi \u201cYasal Olmayan Olumlu Hakem Raporu\u201d Gerek\u00e7esiyle Geri \u00c7ekti<\/a>\n\t\t\t\n\t\t\t\t\t\t\t\t\t\t\t\t\t\t\n\t\t\t\t\t\t\t\t\n\t\t\t\t\t\t\t\t\t\t\t\t\t<div class=\"fusion-rollover-sep\"><\/div>\n\t\t\t\t\n\t\t\t\t\t\t\t\t\t\t\t\t\t\t\t\t\t\t<a class=\"fusion-rollover-gallery\" href=\"https:\/\/prensip.gen.tr\/wp-content\/uploads\/2022\/10\/Resim1.png\" data-options=\"\" data-id=\"5505\" data-rel=\"iLightbox[gallery]\" data-title=\"Resim1\" data-caption=\"\">\n\t\t\t\t\t\tGallery\t\t\t\t\t<\/a>\n\t\t\t\t\t\t\t\t\t\t\t\t\t\t\n\t\t\n\t\t\t\t\t\t\t\t\t\t\t\t<h4 class=\"fusion-rollover-title\">\n\t\t\t\t\t<a class=\"fusion-rollover-title-link\" href=\"https:\/\/prensip.gen.tr\/en\/elsevier-50ye-yakin-makaleyi-yasal-olmayan-olumlu-hakem-raporu-gerekcesiyle-geri-cekti\/\">\n\t\t\t\t\t\tElsevier 50\u2019ye Yak\u0131n Makaleyi \u201cYasal Olmayan Olumlu Hakem Raporu\u201d Gerek\u00e7esiyle Geri \u00c7ekti\t\t\t\t\t<\/a>\n\t\t\t\t<\/h4>\n\t\t\t\n\t\t\t\t\t\t\t\t\t\t<div class=\"fusion-rollover-categories\"><a href=\"https:\/\/prensip.gen.tr\/en\/category\/haberler\/\" rel=\"tag\">Haberler<\/a><\/div>\t\t\t\t\t\n\t\t\n\t\t\t\t\t\t<a class=\"fusion-link-wrapper\" href=\"https:\/\/prensip.gen.tr\/en\/elsevier-50ye-yakin-makaleyi-yasal-olmayan-olumlu-hakem-raporu-gerekcesiyle-geri-cekti\/\" aria-label=\"Elsevier 50\u2019ye Yak\u0131n Makaleyi \u201cYasal Olmayan Olumlu Hakem Raporu\u201d Gerek\u00e7esiyle Geri \u00c7ekti\"><\/a>\n\t<\/div>\n<\/div>\n<\/div>\n<\/li>\n\t\t\t\n\t\t\t\n\t\t\t\t\t\t\t\t\t\t\t\t\t\t\t\t\t\t\t\t\t\t\t\t\t\t\t\t\t\t\t\t\t\t\t\t\t\t\t\t\t\t\t\t\t\t\t\t\t\t\t\t\t\t\t\t\t\t\t\t\t\t\t\t\t\t\t\t<\/ul>\n\t<\/div>\n\t<div class=\"fusion-post-content post-content\"><h2 class=\"blog-shortcode-post-title entry-title\"><a href=\"https:\/\/prensip.gen.tr\/en\/elsevier-50ye-yakin-makaleyi-yasal-olmayan-olumlu-hakem-raporu-gerekcesiyle-geri-cekti\/\">Elsevier 50\u2019ye Yak\u0131n Makaleyi \u201cYasal Olmayan Olumlu Hakem Raporu\u201d Gerek\u00e7esiyle Geri \u00c7ekti<\/a><\/h2><div class=\"fusion-post-content-container\"><p>Elsevier 50\u2019ye Yak\u0131n Makaleyi \u201cYasal Olmayan Olumlu Hakem Raporu\u201d Gerek\u00e7esiyle Geri \u00c7ekti Bir Elsevier dergisi \u201cpaper mill\u201d ile \u00fcretilen 47 makaleyi geri \u00e7ekti. Bu makaleler \u00c7in, Kazakistan ve Rusya uyruklu yazarlar taraf\u0131ndan Thinking Skills and Creativity adl\u0131 dergide yay\u0131mlanm\u0131\u015ft\u0131. Paper<\/p><\/div><\/div><div class=\"fusion-clearfix\"><\/div><\/article>\n<\/div><\/div><\/div><\/div><\/div><\/div><\/p>\n","protected":false},"excerpt":{"rendered":"","protected":false},"author":1,"featured_media":0,"parent":0,"menu_order":0,"comment_status":"closed","ping_status":"closed","template":"","meta":{"footnotes":""},"class_list":["post-5135","page","type-page","status-publish","hentry"],"_links":{"self":[{"href":"https:\/\/prensip.gen.tr\/en\/wp-json\/wp\/v2\/pages\/5135","targetHints":{"allow":["GET"]}}],"collection":[{"href":"https:\/\/prensip.gen.tr\/en\/wp-json\/wp\/v2\/pages"}],"about":[{"href":"https:\/\/prensip.gen.tr\/en\/wp-json\/wp\/v2\/types\/page"}],"author":[{"embeddable":true,"href":"https:\/\/prensip.gen.tr\/en\/wp-json\/wp\/v2\/users\/1"}],"replies":[{"embeddable":true,"href":"https:\/\/prensip.gen.tr\/en\/wp-json\/wp\/v2\/comments?post=5135"}],"version-history":[{"count":8,"href":"https:\/\/prensip.gen.tr\/en\/wp-json\/wp\/v2\/pages\/5135\/revisions"}],"predecessor-version":[{"id":5623,"href":"https:\/\/prensip.gen.tr\/en\/wp-json\/wp\/v2\/pages\/5135\/revisions\/5623"}],"wp:attachment":[{"href":"https:\/\/prensip.gen.tr\/en\/wp-json\/wp\/v2\/media?parent=5135"}],"curies":[{"name":"wp","href":"https:\/\/api.w.org\/{rel}","templated":true}]}}