{"id":5205,"date":"2022-08-27T19:55:55","date_gmt":"2022-08-27T19:55:55","guid":{"rendered":"https:\/\/prensip.gen.tr\/?page_id=5205"},"modified":"2022-08-27T19:57:34","modified_gmt":"2022-08-27T19:57:34","slug":"fiyat-teklifi-alin","status":"publish","type":"page","link":"https:\/\/prensip.gen.tr\/en\/fiyat-teklifi-alin\/","title":{"rendered":"Fiyat Teklifi Al\u0131n"},"content":{"rendered":"<div class=\"fusion-fullwidth fullwidth-box fusion-builder-row-1 fusion-flex-container has-pattern-background has-mask-background nonhundred-percent-fullwidth non-hundred-percent-height-scrolling\" style=\"--awb-border-radius-top-left:0px;--awb-border-radius-top-right:0px;--awb-border-radius-bottom-right:0px;--awb-border-radius-bottom-left:0px;--awb-flex-wrap:wrap;\" ><div class=\"fusion-builder-row fusion-row fusion-flex-align-items-flex-start fusion-flex-content-wrap\" style=\"max-width:1216.8px;margin-left: calc(-4% \/ 2 );margin-right: calc(-4% \/ 2 );\"><div class=\"fusion-layout-column fusion_builder_column fusion-builder-column-0 fusion_builder_column_1_1 1_1 fusion-flex-column\" style=\"--awb-bg-size:cover;--awb-width-large:100%;--awb-margin-top-large:0px;--awb-spacing-right-large:1.92%;--awb-margin-bottom-large:20px;--awb-spacing-left-large:1.92%;--awb-width-medium:100%;--awb-order-medium:0;--awb-spacing-right-medium:1.92%;--awb-spacing-left-medium:1.92%;--awb-width-small:100%;--awb-order-small:0;--awb-spacing-right-small:1.92%;--awb-spacing-left-small:1.92%;\"><div class=\"fusion-column-wrapper fusion-column-has-shadow fusion-flex-justify-content-flex-start fusion-content-layout-column\">\n<div class=\"wpcf7 no-js\" id=\"wpcf7-f5204-o1\" lang=\"tr-TR\" dir=\"ltr\" data-wpcf7-id=\"5204\">\n<div class=\"screen-reader-response\"><p role=\"status\" aria-live=\"polite\" aria-atomic=\"true\"><\/p> <ul><\/ul><\/div>\n<form action=\"\/en\/wp-json\/wp\/v2\/pages\/5205#wpcf7-f5204-o1\" method=\"post\" class=\"wpcf7-form init\" aria-label=\"\u0130leti\u015fim Formu\" enctype=\"multipart\/form-data\" novalidate=\"novalidate\" data-status=\"init\" data-trp-original-action=\"\/en\/wp-json\/wp\/v2\/pages\/5205#wpcf7-f5204-o1\">\n<fieldset class=\"hidden-fields-container\"><input type=\"hidden\" name=\"_wpcf7\" value=\"5204\" \/><input type=\"hidden\" name=\"_wpcf7_version\" value=\"6.1.3\" \/><input type=\"hidden\" name=\"_wpcf7_locale\" value=\"tr_TR\" \/><input type=\"hidden\" name=\"_wpcf7_unit_tag\" value=\"wpcf7-f5204-o1\" \/><input type=\"hidden\" name=\"_wpcf7_container_post\" value=\"0\" \/><input type=\"hidden\" name=\"_wpcf7_posted_data_hash\" value=\"\" \/>\n<\/fieldset>\n<h3>Hizmet Se\u00e7imi\n<\/h3>\n<p>Hangi hizmetten faydalanmak istersiniz?<br \/>\n<span class=\"wpcf7-form-control-wrap\" data-name=\"radio-958\"><span class=\"wpcf7-form-control wpcf7-radio\"><span class=\"wpcf7-list-item first\"><input type=\"radio\" name=\"radio-958\" value=\"Dergi dan\u0131\u015fmanl\u0131\u011f\u0131\" checked=\"checked\" \/><span class=\"wpcf7-list-item-label\">Dergi dan\u0131\u015fmanl\u0131\u011f\u0131<\/span><\/span><span class=\"wpcf7-list-item\"><input type=\"radio\" name=\"radio-958\" value=\"Dergi \u0130ndeksleme\" \/><span class=\"wpcf7-list-item-label\">Dergi \u0130ndeksleme<\/span><\/span><span class=\"wpcf7-list-item\"><input type=\"radio\" name=\"radio-958\" value=\"Makale Y\u00f6netim Sistemi\" \/><span class=\"wpcf7-list-item-label\">Makale Y\u00f6netim Sistemi<\/span><\/span><span class=\"wpcf7-list-item\"><input type=\"radio\" name=\"radio-958\" value=\"\u0130nternet Sayfas\u0131\" \/><span class=\"wpcf7-list-item-label\">\u0130nternet Sayfas\u0131<\/span><\/span><span class=\"wpcf7-list-item\"><input type=\"radio\" name=\"radio-958\" value=\"Kitap Hizmetleri\" \/><span class=\"wpcf7-list-item-label\">Book Services<\/span><\/span><span class=\"wpcf7-list-item\"><input type=\"radio\" name=\"radio-958\" value=\"T\u00fcrk\u00e7e-\u0130ngilizce \u00c7eviri\" \/><span class=\"wpcf7-list-item-label\">T\u00fcrk\u00e7e-\u0130ngilizce \u00c7eviri<\/span><\/span><span class=\"wpcf7-list-item\"><input type=\"radio\" name=\"radio-958\" value=\"\u0130ngilizce-T\u00fcrk\u00e7e \u00c7eviri\" \/><span class=\"wpcf7-list-item-label\">\u0130ngilizce-T\u00fcrk\u00e7e \u00c7eviri<\/span><\/span><span class=\"wpcf7-list-item\"><input type=\"radio\" name=\"radio-958\" value=\"\u0130ngilizce Redaksiyon\" \/><span class=\"wpcf7-list-item-label\">\u0130ngilizce Redaksiyon<\/span><\/span><span class=\"wpcf7-list-item\"><input type=\"radio\" name=\"radio-958\" value=\"\u0130ntihal Giderme\" \/><span class=\"wpcf7-list-item-label\">\u0130ntihal Giderme<\/span><\/span><span class=\"wpcf7-list-item\"><input type=\"radio\" name=\"radio-958\" value=\"Tez D\u00fczenleme\" \/><span class=\"wpcf7-list-item-label\">Tez D\u00fczenleme<\/span><\/span><span class=\"wpcf7-list-item\"><input type=\"radio\" name=\"radio-958\" value=\"\u0130statistik Hizmetleri\" \/><span class=\"wpcf7-list-item-label\">\u0130statistik Hizmetleri<\/span><\/span><span class=\"wpcf7-list-item\"><input type=\"radio\" name=\"radio-958\" value=\"Dan\u0131\u015fmanl\u0131k Hizmetleri\" \/><span class=\"wpcf7-list-item-label\">Dan\u0131\u015fmanl\u0131k Hizmetleri<\/span><\/span><span class=\"wpcf7-list-item last\"><input type=\"radio\" name=\"radio-958\" value=\"Akademik Toplant\u0131 Hizmetleri\" \/><span class=\"wpcf7-list-item-label\">Academic Meeting Services<\/span><\/span><\/span><\/span>\n<\/p>\n<p><label>Metin dosyalar\u0131n\u0131 y\u00fckleyin (Max. 10 MB, Desteklenen dosya t\u00fcrleri: doc, docx, pdf)<br \/>\n<span class=\"wpcf7-form-control-wrap\" data-name=\"file-536\"><input size=\"40\" class=\"wpcf7-form-control wpcf7-file\" accept=\".doc,.docx,.pdf,.png,.jpg\" aria-invalid=\"false\" type=\"file\" name=\"file-536\" \/><\/span><\/label>\n<\/p>\n<p><label>Ek dosyalar\u0131n\u0131z\u0131 y\u00fckleyin (\u00d6rn. Referanslar, Max. 10 MB, Desteklenen dosya t\u00fcrleri: doc, docx, pdf, png, jpg)<br \/>\n<span class=\"wpcf7-form-control-wrap\" data-name=\"file-537\"><input size=\"40\" class=\"wpcf7-form-control wpcf7-file\" accept=\".doc,.docx,.pdf,.png,.jpg\" aria-invalid=\"false\" type=\"file\" name=\"file-537\" \/><\/span><\/label>\n<\/p>\n<p><label>Uzman\u0131m\u0131za y\u00f6nelik di\u011fer talimatlar\u0131n\u0131z\u0131 ve notlar\u0131n\u0131z bu b\u00f6l\u00fcme ekleyebilirsiniz.<br \/>\n<span class=\"wpcf7-form-control-wrap\" data-name=\"textarea-494\"><textarea cols=\"40\" rows=\"10\" maxlength=\"2000\" class=\"wpcf7-form-control wpcf7-textarea\" aria-invalid=\"false\" name=\"textarea-494\"><\/textarea><\/span><\/label>\n<\/p>\n<h3>Ki\u015fisel ve \u0130leti\u015fim Bilgileri\n<\/h3>\n<p><label> \u0130sim Soyisim<br \/>\n<span class=\"wpcf7-form-control-wrap\" data-name=\"your-name\"><input size=\"40\" maxlength=\"400\" class=\"wpcf7-form-control wpcf7-text wpcf7-validates-as-required\" aria-required=\"true\" aria-invalid=\"false\" value=\"\" type=\"text\" name=\"your-name\" \/><\/span> <\/label>\n<\/p>\n<p><label> E-posta adresiniz<br \/>\n<span class=\"wpcf7-form-control-wrap\" data-name=\"your-email\"><input size=\"40\" maxlength=\"400\" class=\"wpcf7-form-control wpcf7-email wpcf7-validates-as-required wpcf7-text wpcf7-validates-as-email\" aria-required=\"true\" aria-invalid=\"false\" value=\"\" type=\"email\" name=\"your-email\" \/><\/span> <\/label>\n<\/p>\n<p><label> Telefon Numaran\u0131z<br \/>\n<span class=\"wpcf7-form-control-wrap\" data-name=\"tel-544\"><input size=\"40\" maxlength=\"400\" class=\"wpcf7-form-control wpcf7-tel wpcf7-validates-as-required wpcf7-text wpcf7-validates-as-tel\" aria-required=\"true\" aria-invalid=\"false\" value=\"\" type=\"tel\" name=\"tel-544\" \/><\/span> <\/label>\n<\/p>\n<p><label> \u00dcniversite\/Kurum<br \/>\n<span class=\"wpcf7-form-control-wrap\" data-name=\"text-459\"><input size=\"40\" maxlength=\"400\" class=\"wpcf7-form-control wpcf7-text wpcf7-validates-as-required\" aria-required=\"true\" aria-invalid=\"false\" value=\"\" type=\"text\" name=\"text-459\" \/><\/span> <\/label>\n<\/p>\n<p><input class=\"wpcf7-form-control wpcf7-submit has-spinner\" type=\"submit\" value=\"Formu G\u00f6nder\" \/>\n<\/p><div class=\"fusion-alert alert custom alert-custom fusion-alert-center wpcf7-response-output awb-alert-native-link-color alert-dismissable awb-alert-close-boxed\" style=\"--awb-border-size:1px;--awb-border-top-left-radius:0px;--awb-border-top-right-radius:0px;--awb-border-bottom-left-radius:0px;--awb-border-bottom-right-radius:0px;\" role=\"alert\"><div class=\"fusion-alert-content-wrapper\"><span class=\"fusion-alert-content\"><\/span><\/div><button type=\"button\" class=\"close toggle-alert\" data-dismiss=\"alert\" aria-label=\"Close\">&times;<\/button><\/div>\n<input type=\"hidden\" name=\"trp-form-language\" value=\"en\"\/><\/form>\n<\/div>\n<\/div><\/div><\/div><\/div>","protected":false},"excerpt":{"rendered":"","protected":false},"author":1,"featured_media":0,"parent":0,"menu_order":0,"comment_status":"closed","ping_status":"closed","template":"","meta":{"footnotes":""},"class_list":["post-5205","page","type-page","status-publish","hentry"],"_links":{"self":[{"href":"https:\/\/prensip.gen.tr\/en\/wp-json\/wp\/v2\/pages\/5205","targetHints":{"allow":["GET"]}}],"collection":[{"href":"https:\/\/prensip.gen.tr\/en\/wp-json\/wp\/v2\/pages"}],"about":[{"href":"https:\/\/prensip.gen.tr\/en\/wp-json\/wp\/v2\/types\/page"}],"author":[{"embeddable":true,"href":"https:\/\/prensip.gen.tr\/en\/wp-json\/wp\/v2\/users\/1"}],"replies":[{"embeddable":true,"href":"https:\/\/prensip.gen.tr\/en\/wp-json\/wp\/v2\/comments?post=5205"}],"version-history":[{"count":2,"href":"https:\/\/prensip.gen.tr\/en\/wp-json\/wp\/v2\/pages\/5205\/revisions"}],"predecessor-version":[{"id":5207,"href":"https:\/\/prensip.gen.tr\/en\/wp-json\/wp\/v2\/pages\/5205\/revisions\/5207"}],"wp:attachment":[{"href":"https:\/\/prensip.gen.tr\/en\/wp-json\/wp\/v2\/media?parent=5205"}],"curies":[{"name":"wp","href":"https:\/\/api.w.org\/{rel}","templated":true}]}}